{"id":273,"date":"2026-01-22T19:35:17","date_gmt":"2026-01-22T19:35:17","guid":{"rendered":"https:\/\/godigitallifes.com\/?page_id=273"},"modified":"2026-01-31T05:42:03","modified_gmt":"2026-01-31T05:42:03","slug":"blog","status":"publish","type":"page","link":"https:\/\/godigitallifes.com\/en\/blog\/","title":{"rendered":"Blog"},"content":{"rendered":"\t\t<div data-elementor-type=\"wp-page\" data-elementor-id=\"273\" class=\"elementor elementor-273\" data-elementor-settings=\"{&quot;ha_cmc_init_switcher&quot;:&quot;no&quot;}\">\n\t\t\t\t<div class=\"elementor-element elementor-element-d32d57e e-con-full e-flex wpr-particle-no wpr-jarallax-no wpr-parallax-no wpr-sticky-section-no wpr-equal-height-no e-con e-parent\" data-id=\"d32d57e\" data-element_type=\"container\" data-e-type=\"container\" data-settings=\"{&quot;background_background&quot;:&quot;classic&quot;,&quot;_ha_eqh_enable&quot;:false}\">\n\t\t\t\t<div class=\"elementor-element elementor-element-c78829c ha-has-bg-overlay elementor-widget elementor-widget-premium-textual-showcase\" data-id=\"c78829c\" data-element_type=\"widget\" data-e-type=\"widget\" data-widget_type=\"premium-textual-showcase.default\">\n\t\t\t\t\t\t\t<div class=\"pa-txt-sc__outer-container pa-trigger-on-viewport\">\n\t\t\t\t\t\t\t\t<div class=\"pa-txt-sc__item-container elementor-repeater-item-986ad51 pa-txt-sc__effect-none   has-text\">\n\t\t\t\t\t\t\t\t\t<span class=\"pa-txt-sc__main-item pa-txt-sc__item-text \" style=\"\"> BLOG<\/span>\n\t\t\t\t\t\t\t<\/div>\n\t\t\t\t\t\t<\/div>\n\t\t\t\t\t\t<\/div>\n\t\t\t\t<div class=\"elementor-element elementor-element-af44536 elementor-widget-mobile__width-inherit elementor-widget elementor-widget-elementskit-heading\" data-id=\"af44536\" data-element_type=\"widget\" data-e-type=\"widget\" data-widget_type=\"elementskit-heading.default\">\n\t\t\t\t\t<div class=\"ekit-wid-con\" ><div class=\"ekit-heading elementskit-section-title-wraper text_center   ekit_heading_tablet-   ekit_heading_mobile-\"><h2 class=\"ekit-heading--title elementskit-section-title text_fill\">Ideas que inspiran tu <span><span>crecimiento digital<\/span><\/span><\/h2>\t\t\t\t<div class='ekit-heading__description'>\n\t\t\t\t\t<p class=\"p1\">Un espacio para aprender, inspirarte y crecer.<\/p>\n<p class=\"p1\">Aqu\u00ed comparto experiencias, estrategias y herramientas que te ayudar\u00e1n a construir una presencia online s\u00f3lida, sencilla y con prop\u00f3sito.<\/p>\n\t\t\t\t<\/div>\n\t\t\t<\/div><\/div>\t\t\t\t<\/div>\n\t\t\t\t<\/div>\n\t\t<div class=\"elementor-element elementor-element-a4fc699 e-con-full e-flex wpr-particle-no wpr-jarallax-no wpr-parallax-no wpr-sticky-section-no wpr-equal-height-no e-con e-parent\" data-id=\"a4fc699\" data-element_type=\"container\" data-e-type=\"container\" data-settings=\"{&quot;background_background&quot;:&quot;classic&quot;,&quot;_ha_eqh_enable&quot;:false}\">\n\t\t<div class=\"elementor-element elementor-element-de47ce5 e-flex e-con-boxed wpr-particle-no wpr-jarallax-no wpr-parallax-no wpr-sticky-section-no wpr-equal-height-no e-con e-child\" data-id=\"de47ce5\" data-element_type=\"container\" data-e-type=\"container\" data-settings=\"{&quot;_ha_eqh_enable&quot;:false}\">\n\t\t\t\t\t<div class=\"e-con-inner\">\n\t\t\t\t<div class=\"elementor-element elementor-element-3587f4d wpr-grid-columns--tablet1 wpr-grid-columns-3 wpr-grid-columns--mobile1 wpr-grid-pagination-center wpr-item-styles-inner elementor-invisible elementor-widget elementor-widget-wpr-grid\" data-id=\"3587f4d\" data-element_type=\"widget\" data-e-type=\"widget\" data-settings=\"{&quot;_animation&quot;:&quot;fadeIn&quot;}\" data-widget_type=\"wpr-grid.default\">\n\t\t\t\t\t<ul class=\"wpr-grid-filters elementor-clearfix wpr-grid-filters-sep-right\"><li class=\" wpr-pointer-none wpr-pointer-line-fx wpr-pointer-fx-none\"><span  data-filter=\"*\" class=\"wpr-grid-filters-item wpr-active-filter \">Todos<\/span><em class=\"wpr-grid-filters-sep\"><\/em><\/li><li class=\" wpr-pointer-none wpr-pointer-line-fx wpr-pointer-fx-none wpr-hidden-element\"><span   data-ajax-filter=[\"category\",\"blog\"]  data-filter=\".category-blog\">Blog<\/span><em class=\"wpr-grid-filters-sep\"><\/em><\/li><li class=\" wpr-pointer-none wpr-pointer-line-fx wpr-pointer-fx-none\"><span   data-ajax-filter=[\"category\",\"emprender-con-inteligencia-artificial\"]  data-filter=\".category-emprender-con-inteligencia-artificial\">Emprender con IA<\/span><em class=\"wpr-grid-filters-sep\"><\/em><\/li><li class=\" wpr-pointer-none wpr-pointer-line-fx wpr-pointer-fx-none\"><span   data-ajax-filter=[\"category\",\"mamas-emprendedoras\"]  data-filter=\".category-mamas-emprendedoras\">Mam\u00e1s emprendedoras<\/span><em class=\"wpr-grid-filters-sep\"><\/em><\/li><\/ul><section class=\"wpr-grid elementor-clearfix\" data-settings=\"{&quot;layout&quot;:&quot;masonry&quot;,&quot;stick_last_element_to_bottom&quot;:&quot;no&quot;,&quot;columns_desktop&quot;:&quot;3&quot;,&quot;gutter_hr&quot;:25,&quot;gutter_hr_mobile&quot;:25,&quot;gutter_hr_mobile_extra&quot;:25,&quot;gutter_hr_tablet&quot;:25,&quot;gutter_hr_tablet_extra&quot;:25,&quot;gutter_hr_laptop&quot;:25,&quot;gutter_hr_widescreen&quot;:25,&quot;gutter_vr&quot;:30,&quot;gutter_vr_mobile&quot;:30,&quot;gutter_vr_mobile_extra&quot;:30,&quot;gutter_vr_tablet&quot;:30,&quot;gutter_vr_tablet_extra&quot;:30,&quot;gutter_vr_laptop&quot;:30,&quot;gutter_vr_widescreen&quot;:30,&quot;animation&quot;:&quot;default&quot;,&quot;animation_duration&quot;:0.3,&quot;animation_delay&quot;:0.1,&quot;deeplinking&quot;:&quot;&quot;,&quot;filters_linkable&quot;:&quot;&quot;,&quot;filters_default_filter&quot;:&quot;&quot;,&quot;filters_count&quot;:&quot;&quot;,&quot;filters_hide_empty&quot;:&quot;yes&quot;,&quot;filters_animation&quot;:&quot;zoom&quot;,&quot;filters_animation_duration&quot;:0.3,&quot;filters_animation_delay&quot;:0.1,&quot;pagination_type&quot;:&quot;load-more&quot;,&quot;pagination_max_pages&quot;:1,&quot;lightbox&quot;:{&quot;selector&quot;:&quot;.wpr-grid-image-wrap&quot;,&quot;iframeMaxWidth&quot;:&quot;60%&quot;,&quot;hash&quot;:false,&quot;autoplay&quot;:&quot;true&quot;,&quot;pause&quot;:5000,&quot;progressBar&quot;:&quot;true&quot;,&quot;counter&quot;:&quot;true&quot;,&quot;controls&quot;:&quot;true&quot;,&quot;getCaptionFromTitleOrAlt&quot;:&quot;true&quot;,&quot;thumbnail&quot;:&quot;&quot;,&quot;showThumbByDefault&quot;:&quot;&quot;,&quot;share&quot;:&quot;&quot;,&quot;zoom&quot;:&quot;true&quot;,&quot;fullScreen&quot;:&quot;true&quot;,&quot;download&quot;:&quot;true&quot;}}\" data-advanced-filters=\"no\"><article class=\"wpr-grid-item elementor-clearfix post-375 post type-post status-publish format-standard has-post-thumbnail hentry category-mamas-emprendedoras\"><div class=\"wpr-grid-item-inner\"><div class=\"wpr-grid-media-wrap wpr-effect-size-medium \" data-overlay-link=\"yes\"><div class=\"wpr-grid-image-wrap\" data-src=\"https:\/\/godigitallifes.com\/wp-content\/uploads\/2026\/01\/mama-emprendedora-trabajando-negocio-digital-casa-1.png\" data-img-on-hover=\"\"  data-src-secondary=\"\"><img decoding=\"async\" data-no-lazy=\"1\" src=\"https:\/\/godigitallifes.com\/wp-content\/uploads\/2026\/01\/mama-emprendedora-trabajando-negocio-digital-casa-1.png\" alt=\"Mam\u00e1 emprendedora trabajando en su negocio digital desde casa mientras organiza su tiempo\" class=\"wpr-anim-timing-ease-default\"><\/div><div class=\"wpr-grid-media-hover wpr-animation-wrap\"><div class=\"wpr-grid-media-hover-bg  wpr-overlay-fade-in wpr-anim-size-large wpr-anim-timing-ease-default wpr-anim-transparency\" data-url=\"https:\/\/godigitallifes.com\/en\/mama-emprendedora-negocio-digital-bloques-2-horas\/\"><\/div><\/div><\/div><div class=\"wpr-grid-item-below-content elementor-clearfix\"><h2 class=\"wpr-grid-item-title elementor-repeater-item-ed06ca0 wpr-grid-item-display-block wpr-grid-item-align-left wpr-pointer-none wpr-pointer-line-fx wpr-pointer-fx-fade\"><div class=\"inner-block\"><a target=\"_self\"  href=\"https:\/\/godigitallifes.com\/en\/mama-emprendedora-negocio-digital-bloques-2-horas\/\">Mam\u00e1 emprendedora: c\u00f3mo estructurar tu negocio digital en bloques de 2 horas<\/a><\/div><\/h2><div class=\"wpr-grid-item-author elementor-repeater-item-234beb2 wpr-grid-item-display-inline wpr-grid-item-align-left\"><div class=\"inner-block\"><a href=\"https:\/\/godigitallifes.com\/en\/author\/go-digital-life\/\"><span class=\"wpr-grid-extra-icon-left\"><i aria-hidden=\"true\" class=\"huge huge-user\"><\/i><\/span><span>Go Digital Life<\/span><\/a><\/div><\/div><div class=\"wpr-grid-item-excerpt elementor-repeater-item-d85a36b wpr-grid-item-display-block wpr-grid-item-align-left\"><div class=\"inner-block\"><p>Son las 9:47 PM. Sof\u00eda acaba de acostar a los ni\u00f1os despu\u00e9s de tres cuentos, dos vasos de agua...<\/p><\/div><\/div><div class=\"wpr-grid-item-read-more elementor-repeater-item-e347663 wpr-grid-item-display-block wpr-grid-item-align-left\"><div class=\"inner-block\"><a target=\"_self\" href=\"https:\/\/godigitallifes.com\/en\/mama-emprendedora-negocio-digital-bloques-2-horas\/\" class=\"wpr-button-effect wpr-button-none\"><span>Read More<\/span><\/a><\/div><\/div><\/div><\/div><\/article><article class=\"wpr-grid-item elementor-clearfix post-1 post type-post status-publish format-standard has-post-thumbnail hentry category-emprender-con-inteligencia-artificial\"><div class=\"wpr-grid-item-inner\"><div class=\"wpr-grid-media-wrap wpr-effect-size-medium \" data-overlay-link=\"yes\"><div class=\"wpr-grid-image-wrap\" data-src=\"https:\/\/godigitallifes.com\/wp-content\/uploads\/2026\/01\/emprender-con-inteligencia-artificial-desde-cero-go-digital-life.png\" data-img-on-hover=\"\"  data-src-secondary=\"\"><img decoding=\"async\" data-no-lazy=\"1\" src=\"https:\/\/godigitallifes.com\/wp-content\/uploads\/2026\/01\/emprender-con-inteligencia-artificial-desde-cero-go-digital-life.png\" alt=\"Mujer emprendedora trabajando con laptop y cuaderno, usando inteligencia artificial para emprender desde cero\" class=\"wpr-anim-timing-ease-default\"><\/div><div class=\"wpr-grid-media-hover wpr-animation-wrap\"><div class=\"wpr-grid-media-hover-bg  wpr-overlay-fade-in wpr-anim-size-large wpr-anim-timing-ease-default wpr-anim-transparency\" data-url=\"https:\/\/godigitallifes.com\/en\/que-es-ia-y-como-ayuda-emprender\/\"><\/div><\/div><\/div><div class=\"wpr-grid-item-below-content elementor-clearfix\"><h2 class=\"wpr-grid-item-title elementor-repeater-item-ed06ca0 wpr-grid-item-display-block wpr-grid-item-align-left wpr-pointer-none wpr-pointer-line-fx wpr-pointer-fx-fade\"><div class=\"inner-block\"><a target=\"_self\"  href=\"https:\/\/godigitallifes.com\/en\/que-es-ia-y-como-ayuda-emprender\/\">\u00bfQu\u00e9 es la inteligencia artificial y c\u00f3mo puede ayudarte a emprender desde cero?<\/a><\/div><\/h2><div class=\"wpr-grid-item-author elementor-repeater-item-234beb2 wpr-grid-item-display-inline wpr-grid-item-align-left\"><div class=\"inner-block\"><a href=\"https:\/\/godigitallifes.com\/en\/author\/go-digital-life\/\"><span class=\"wpr-grid-extra-icon-left\"><i aria-hidden=\"true\" class=\"huge huge-user\"><\/i><\/span><span>Go Digital Life<\/span><\/a><\/div><\/div><div class=\"wpr-grid-item-excerpt elementor-repeater-item-d85a36b wpr-grid-item-display-block wpr-grid-item-align-left\"><div class=\"inner-block\"><p>Mar\u00eda llevaba tres meses dando vueltas a la misma idea: quer\u00eda emprender, pero no sab\u00eda en qu\u00e9. Ten\u00eda experiencia...<\/p><\/div><\/div><div class=\"wpr-grid-item-read-more elementor-repeater-item-e347663 wpr-grid-item-display-block wpr-grid-item-align-left\"><div class=\"inner-block\"><a target=\"_self\" href=\"https:\/\/godigitallifes.com\/en\/que-es-ia-y-como-ayuda-emprender\/\" class=\"wpr-button-effect wpr-button-none\"><span>Read More<\/span><\/a><\/div><\/div><\/div><\/div><\/article><\/section>\t\t\t\t<\/div>\n\t\t\t\t\t<\/div>\n\t\t\t\t<\/div>\n\t\t\t\t<\/div>\n\t\t\t\t<\/div>\n\t\t","protected":false},"excerpt":{"rendered":"<p>BLOG Ideas que inspiran tu crecimiento digital Un espacio para aprender, inspirarte y crecer. Aqu\u00ed comparto experiencias, estrategias y herramientas que te ayudar\u00e1n a construir una presencia online s\u00f3lida, sencilla y con prop\u00f3sito. Todos Blog Emprender con IA \u00bfQu\u00e9 es la inteligencia artificial y c\u00f3mo puede ayudarte a emprender desde cero? Go Digital Life Mar\u00eda llevaba tres meses dando vueltas a la misma idea: quer\u00eda emprender, pero no sab\u00eda en qu\u00e9. Ten\u00eda experiencia&#8230; Read More<\/p>","protected":false},"author":1,"featured_media":0,"parent":0,"menu_order":0,"comment_status":"closed","ping_status":"closed","template":"elementor_header_footer","meta":{"site-sidebar-layout":"no-sidebar","site-content-layout":"","ast-site-content-layout":"full-width-container","site-content-style":"default","site-sidebar-style":"default","ast-global-header-display":"","ast-banner-title-visibility":"","ast-main-header-display":"","ast-hfb-above-header-display":"","ast-hfb-below-header-display":"","ast-hfb-mobile-header-display":"","site-post-title":"","ast-breadcrumbs-content":"","ast-featured-img":"disabled","footer-sml-layout":"","ast-disable-related-posts":"","theme-transparent-header-meta":"","adv-header-id-meta":"","stick-header-meta":"","header-above-stick-meta":"","header-main-stick-meta":"","header-below-stick-meta":"","astra-migrate-meta-layouts":"default","ast-page-background-enabled":"default","ast-page-background-meta":{"desktop":{"background-color":"var(--ast-global-color-5)","background-image":"","background-repeat":"repeat","background-position":"center center","background-size":"auto","background-attachment":"scroll","background-type":"","background-media":"","overlay-type":"","overlay-color":"","overlay-opacity":"","overlay-gradient":""},"tablet":{"background-color":"","background-image":"","background-repeat":"repeat","background-position":"center center","background-size":"auto","background-attachment":"scroll","background-type":"","background-media":"","overlay-type":"","overlay-color":"","overlay-opacity":"","overlay-gradient":""},"mobile":{"background-color":"","background-image":"","background-repeat":"repeat","background-position":"center center","background-size":"auto","background-attachment":"scroll","background-type":"","background-media":"","overlay-type":"","overlay-color":"","overlay-opacity":"","overlay-gradient":""}},"ast-content-background-meta":{"desktop":{"background-color":"var(--ast-global-color-4)","background-image":"","background-repeat":"repeat","background-position":"center center","background-size":"auto","background-attachment":"scroll","background-type":"","background-media":"","overlay-type":"","overlay-color":"","overlay-opacity":"","overlay-gradient":""},"tablet":{"background-color":"var(--ast-global-color-4)","background-image":"","background-repeat":"repeat","background-position":"center center","background-size":"auto","background-attachment":"scroll","background-type":"","background-media":"","overlay-type":"","overlay-color":"","overlay-opacity":"","overlay-gradient":""},"mobile":{"background-color":"var(--ast-global-color-4)","background-image":"","background-repeat":"repeat","background-position":"center center","background-size":"auto","background-attachment":"scroll","background-type":"","background-media":"","overlay-type":"","overlay-color":"","overlay-opacity":"","overlay-gradient":""}},"footnotes":""},"class_list":["post-273","page","type-page","status-publish","hentry"],"aioseo_notices":[],"_hostinger_reach_plugin_has_subscription_block":false,"_hostinger_reach_plugin_is_elementor":false,"rttpg_featured_image_url":null,"rttpg_author":{"display_name":"soporteGDL","author_link":"https:\/\/godigitallifes.com\/en\/author\/soportegdl\/"},"rttpg_comment":0,"rttpg_category":"","rttpg_excerpt":"BLOG Ideas que inspiran tu crecimiento digital Un espacio para aprender, inspirarte y crecer. Aqu\u00ed comparto experiencias, estrategias y herramientas que te ayudar\u00e1n a construir una presencia online s\u00f3lida, sencilla y con prop\u00f3sito. Todos Blog Emprender con IA \u00bfQu\u00e9 es la inteligencia artificial y c\u00f3mo puede ayudarte a emprender desde cero? Go Digital Life Mar\u00eda&hellip;","_links":{"self":[{"href":"https:\/\/godigitallifes.com\/en\/wp-json\/wp\/v2\/pages\/273","targetHints":{"allow":["GET"]}}],"collection":[{"href":"https:\/\/godigitallifes.com\/en\/wp-json\/wp\/v2\/pages"}],"about":[{"href":"https:\/\/godigitallifes.com\/en\/wp-json\/wp\/v2\/types\/page"}],"author":[{"embeddable":true,"href":"https:\/\/godigitallifes.com\/en\/wp-json\/wp\/v2\/users\/1"}],"replies":[{"embeddable":true,"href":"https:\/\/godigitallifes.com\/en\/wp-json\/wp\/v2\/comments?post=273"}],"version-history":[{"count":0,"href":"https:\/\/godigitallifes.com\/en\/wp-json\/wp\/v2\/pages\/273\/revisions"}],"wp:attachment":[{"href":"https:\/\/godigitallifes.com\/en\/wp-json\/wp\/v2\/media?parent=273"}],"curies":[{"name":"wp","href":"https:\/\/api.w.org\/{rel}","templated":true}]}}